{"id":2248,"date":"2021-09-20T08:36:02","date_gmt":"2021-09-20T06:36:02","guid":{"rendered":"https:\/\/schrell.at\/de\/?page_id=2248"},"modified":"2021-09-20T13:00:24","modified_gmt":"2021-09-20T11:00:24","slug":"afo-fuehrung-170921","status":"publish","type":"page","link":"https:\/\/schrell.at\/de\/presse\/afo-fuehrung-170921\/","title":{"rendered":"afo &#8211; F\u00fchrung vom 17.09.2021"},"content":{"rendered":"<h4><span style=\"font: verdana; font-size: 16pt;\">DORFHALLE SCHULE | FRANCKSTRA\u00dfE LINZ<\/p>\n<p><span style=\"font-size: 12pt;\">Einreichung 2020 | Ausf\u00fchrungsplanung in Arbeit | Architekturplanung<\/span><\/span><\/h4>\n<p><img loading=\"lazy\" decoding=\"async\" data-id=\"2258\"  src=\"https:\/\/schrell.at\/de\/wp-content\/uploads\/2021\/09\/afo-fu\u0308hrung1.jpg\" alt=\"afo-f\u00fchrung\" width=\"960\" height=\"650\" class=\"aligncenter size-full wp-image-2258\" \/><br \/>\n<a title=\"Anmeldung f\u00fcr baubesprechung 62 - afo\" href=\"https:\/\/afo.at\/reihen\/baubesprechung\/baubesprechung-62\" target=\"_blank\"><img decoding=\"async\" class=\" size-full wp-image-1997\" style=\"margin-right: 20px;\" src=\"https:\/\/schrell.at\/de\/wp-content\/uploads\/2021\/08\/baubesprechung_kl3.jpg\" alt=\"baubesprechung_kl\" width=\"360\" align=\"left\" data-id=\"1997\" \/><\/a><br \/>\n<b>baubesprechung 62<\/b><br \/>\nErweiterung Dorfhalleschule<\/p>\n<p>BESICHTIGUNG<br \/>\nFR, 17.09.2021, 14:00 UHR<br \/>\nVeranstaltungsort<br \/>\nOrt: VS33 Dorfhalleschule, Franckstra\u00dfe 70, 4020 Linz<\/p>\n<p><!--<a href=\"https:\/\/afo.at\/reihen\/baubesprechung\/baubesprechung-62\" target=\"_blank\">Anmeldung \u00fcber Architekturforum Linz \u00bb<\/a>--><\/p>\n","protected":false},"excerpt":{"rendered":"<p>DORFHALLE SCHULE | FRANCKSTRA\u00dfE LINZ Einreichung 2020 | Ausf\u00fchrungsplanung in Arbeit | Architekturplanung baubesprechung 62 Erweiterung Dorfhalleschule BESICHTIGUNG FR, 17.09.2021, 14:00 UHR Veranstaltungsort Ort: VS33 Dorfhalleschule, Franckstra\u00dfe 70, 4020 Linz<\/p>\n","protected":false},"author":1,"featured_media":0,"parent":1853,"menu_order":0,"comment_status":"closed","ping_status":"open","template":"","meta":{"footnotes":""},"yoast_head":"<!-- This site is optimized with the Yoast SEO plugin v21.8 - https:\/\/yoast.com\/wordpress\/plugins\/seo\/ -->\n<title>afo - F\u00fchrung vom 17.09.2021 - Architektinnen Schremmer-Jell<\/title>\n<meta name=\"robots\" content=\"index, follow, max-snippet:-1, max-image-preview:large, max-video-preview:-1\" \/>\n<link rel=\"canonical\" href=\"https:\/\/schrell.at\/de\/presse\/afo-fuehrung-170921\/\" \/>\n<meta property=\"og:locale\" content=\"en_GB\" \/>\n<meta property=\"og:type\" content=\"article\" \/>\n<meta property=\"og:title\" content=\"afo - F\u00fchrung vom 17.09.2021 - Architektinnen Schremmer-Jell\" \/>\n<meta property=\"og:description\" content=\"DORFHALLE SCHULE | FRANCKSTRA\u00dfE LINZ Einreichung 2020 | Ausf\u00fchrungsplanung in Arbeit | Architekturplanung baubesprechung 62 Erweiterung Dorfhalleschule BESICHTIGUNG FR, 17.09.2021, 14:00 UHR Veranstaltungsort Ort: VS33 Dorfhalleschule, Franckstra\u00dfe 70, 4020 Linz\" \/>\n<meta property=\"og:url\" content=\"https:\/\/schrell.at\/de\/presse\/afo-fuehrung-170921\/\" \/>\n<meta property=\"og:site_name\" content=\"Architektinnen Schremmer-Jell\" \/>\n<meta property=\"article:publisher\" content=\"https:\/\/www.facebook.com\/ArchitektinnenSchremmerJell\" \/>\n<meta property=\"article:modified_time\" content=\"2021-09-20T11:00:24+00:00\" \/>\n<meta property=\"og:image\" content=\"https:\/\/schrell.at\/de\/wp-content\/uploads\/2021\/08\/baubesprechung_kl3.jpg\" \/>\n<script type=\"application\/ld+json\" class=\"yoast-schema-graph\">{\"@context\":\"https:\/\/schema.org\",\"@graph\":[{\"@type\":\"WebPage\",\"@id\":\"https:\/\/schrell.at\/de\/presse\/afo-fuehrung-170921\/\",\"url\":\"https:\/\/schrell.at\/de\/presse\/afo-fuehrung-170921\/\",\"name\":\"afo - F\u00fchrung vom 17.09.2021 - Architektinnen Schremmer-Jell\",\"isPartOf\":{\"@id\":\"https:\/\/schrell.at\/de\/#website\"},\"datePublished\":\"2021-09-20T06:36:02+00:00\",\"dateModified\":\"2021-09-20T11:00:24+00:00\",\"breadcrumb\":{\"@id\":\"https:\/\/schrell.at\/de\/presse\/afo-fuehrung-170921\/#breadcrumb\"},\"inLanguage\":\"en-GB\",\"potentialAction\":[{\"@type\":\"ReadAction\",\"target\":[\"https:\/\/schrell.at\/de\/presse\/afo-fuehrung-170921\/\"]}]},{\"@type\":\"BreadcrumbList\",\"@id\":\"https:\/\/schrell.at\/de\/presse\/afo-fuehrung-170921\/#breadcrumb\",\"itemListElement\":[{\"@type\":\"ListItem\",\"position\":1,\"name\":\"Home\",\"item\":\"https:\/\/schrell.at\/de\/\"},{\"@type\":\"ListItem\",\"position\":2,\"name\":\"PRESSE\",\"item\":\"https:\/\/schrell.at\/de\/presse\/\"},{\"@type\":\"ListItem\",\"position\":3,\"name\":\"afo &#8211; F\u00fchrung vom 17.09.2021\"}]},{\"@type\":\"WebSite\",\"@id\":\"https:\/\/schrell.at\/de\/#website\",\"url\":\"https:\/\/schrell.at\/de\/\",\"name\":\"Architektinnen Schremmer-Jell\",\"description\":\"Architekturb\u00fcro Ottensheimerstra\u00dfe 58 LINZ\",\"publisher\":{\"@id\":\"https:\/\/schrell.at\/de\/#organization\"},\"potentialAction\":[{\"@type\":\"SearchAction\",\"target\":{\"@type\":\"EntryPoint\",\"urlTemplate\":\"https:\/\/schrell.at\/de\/?s={search_term_string}\"},\"query-input\":\"required name=search_term_string\"}],\"inLanguage\":\"en-GB\"},{\"@type\":\"Organization\",\"@id\":\"https:\/\/schrell.at\/de\/#organization\",\"name\":\"Architektinnen Schremmer-Jell\",\"url\":\"https:\/\/schrell.at\/de\/\",\"logo\":{\"@type\":\"ImageObject\",\"inLanguage\":\"en-GB\",\"@id\":\"https:\/\/schrell.at\/de\/#\/schema\/logo\/image\/\",\"url\":\"https:\/\/schrell.at\/de\/wp-content\/uploads\/2023\/10\/Sch_Logo_grun_hoch.jpg\",\"contentUrl\":\"https:\/\/schrell.at\/de\/wp-content\/uploads\/2023\/10\/Sch_Logo_grun_hoch.jpg\",\"width\":1296,\"height\":1747,\"caption\":\"Architektinnen Schremmer-Jell\"},\"image\":{\"@id\":\"https:\/\/schrell.at\/de\/#\/schema\/logo\/image\/\"},\"sameAs\":[\"https:\/\/www.facebook.com\/ArchitektinnenSchremmerJell\",\"https:\/\/www.instagram.com\/architektinnenschremmer\/\"]}]}<\/script>\n<!-- \/ Yoast SEO plugin. -->","yoast_head_json":{"title":"afo - F\u00fchrung vom 17.09.2021 - Architektinnen Schremmer-Jell","robots":{"index":"index","follow":"follow","max-snippet":"max-snippet:-1","max-image-preview":"max-image-preview:large","max-video-preview":"max-video-preview:-1"},"canonical":"https:\/\/schrell.at\/de\/presse\/afo-fuehrung-170921\/","og_locale":"en_GB","og_type":"article","og_title":"afo - F\u00fchrung vom 17.09.2021 - Architektinnen Schremmer-Jell","og_description":"DORFHALLE SCHULE | FRANCKSTRA\u00dfE LINZ Einreichung 2020 | Ausf\u00fchrungsplanung in Arbeit | Architekturplanung baubesprechung 62 Erweiterung Dorfhalleschule BESICHTIGUNG FR, 17.09.2021, 14:00 UHR Veranstaltungsort Ort: VS33 Dorfhalleschule, Franckstra\u00dfe 70, 4020 Linz","og_url":"https:\/\/schrell.at\/de\/presse\/afo-fuehrung-170921\/","og_site_name":"Architektinnen Schremmer-Jell","article_publisher":"https:\/\/www.facebook.com\/ArchitektinnenSchremmerJell","article_modified_time":"2021-09-20T11:00:24+00:00","og_image":[{"url":"https:\/\/schrell.at\/de\/wp-content\/uploads\/2021\/08\/baubesprechung_kl3.jpg"}],"schema":{"@context":"https:\/\/schema.org","@graph":[{"@type":"WebPage","@id":"https:\/\/schrell.at\/de\/presse\/afo-fuehrung-170921\/","url":"https:\/\/schrell.at\/de\/presse\/afo-fuehrung-170921\/","name":"afo - F\u00fchrung vom 17.09.2021 - Architektinnen Schremmer-Jell","isPartOf":{"@id":"https:\/\/schrell.at\/de\/#website"},"datePublished":"2021-09-20T06:36:02+00:00","dateModified":"2021-09-20T11:00:24+00:00","breadcrumb":{"@id":"https:\/\/schrell.at\/de\/presse\/afo-fuehrung-170921\/#breadcrumb"},"inLanguage":"en-GB","potentialAction":[{"@type":"ReadAction","target":["https:\/\/schrell.at\/de\/presse\/afo-fuehrung-170921\/"]}]},{"@type":"BreadcrumbList","@id":"https:\/\/schrell.at\/de\/presse\/afo-fuehrung-170921\/#breadcrumb","itemListElement":[{"@type":"ListItem","position":1,"name":"Home","item":"https:\/\/schrell.at\/de\/"},{"@type":"ListItem","position":2,"name":"PRESSE","item":"https:\/\/schrell.at\/de\/presse\/"},{"@type":"ListItem","position":3,"name":"afo &#8211; F\u00fchrung vom 17.09.2021"}]},{"@type":"WebSite","@id":"https:\/\/schrell.at\/de\/#website","url":"https:\/\/schrell.at\/de\/","name":"Architektinnen Schremmer-Jell","description":"Architekturb\u00fcro Ottensheimerstra\u00dfe 58 LINZ","publisher":{"@id":"https:\/\/schrell.at\/de\/#organization"},"potentialAction":[{"@type":"SearchAction","target":{"@type":"EntryPoint","urlTemplate":"https:\/\/schrell.at\/de\/?s={search_term_string}"},"query-input":"required name=search_term_string"}],"inLanguage":"en-GB"},{"@type":"Organization","@id":"https:\/\/schrell.at\/de\/#organization","name":"Architektinnen Schremmer-Jell","url":"https:\/\/schrell.at\/de\/","logo":{"@type":"ImageObject","inLanguage":"en-GB","@id":"https:\/\/schrell.at\/de\/#\/schema\/logo\/image\/","url":"https:\/\/schrell.at\/de\/wp-content\/uploads\/2023\/10\/Sch_Logo_grun_hoch.jpg","contentUrl":"https:\/\/schrell.at\/de\/wp-content\/uploads\/2023\/10\/Sch_Logo_grun_hoch.jpg","width":1296,"height":1747,"caption":"Architektinnen Schremmer-Jell"},"image":{"@id":"https:\/\/schrell.at\/de\/#\/schema\/logo\/image\/"},"sameAs":["https:\/\/www.facebook.com\/ArchitektinnenSchremmerJell","https:\/\/www.instagram.com\/architektinnenschremmer\/"]}]}},"_links":{"self":[{"href":"https:\/\/schrell.at\/de\/wp-json\/wp\/v2\/pages\/2248"}],"collection":[{"href":"https:\/\/schrell.at\/de\/wp-json\/wp\/v2\/pages"}],"about":[{"href":"https:\/\/schrell.at\/de\/wp-json\/wp\/v2\/types\/page"}],"author":[{"embeddable":true,"href":"https:\/\/schrell.at\/de\/wp-json\/wp\/v2\/users\/1"}],"replies":[{"embeddable":true,"href":"https:\/\/schrell.at\/de\/wp-json\/wp\/v2\/comments?post=2248"}],"version-history":[{"count":7,"href":"https:\/\/schrell.at\/de\/wp-json\/wp\/v2\/pages\/2248\/revisions"}],"predecessor-version":[{"id":2273,"href":"https:\/\/schrell.at\/de\/wp-json\/wp\/v2\/pages\/2248\/revisions\/2273"}],"up":[{"embeddable":true,"href":"https:\/\/schrell.at\/de\/wp-json\/wp\/v2\/pages\/1853"}],"wp:attachment":[{"href":"https:\/\/schrell.at\/de\/wp-json\/wp\/v2\/media?parent=2248"}],"curies":[{"name":"wp","href":"https:\/\/api.w.org\/{rel}","templated":true}]}}