{"id":3780,"date":"2023-02-09T16:42:52","date_gmt":"2023-02-09T14:42:52","guid":{"rendered":"https:\/\/schrell.at\/de\/?page_id=3780"},"modified":"2026-02-05T11:06:33","modified_gmt":"2026-02-05T09:06:33","slug":"entwicklung","status":"publish","type":"page","link":"https:\/\/schrell.at\/de\/entwicklung\/","title":{"rendered":"PROJEKTENTWICKLUNG"},"content":{"rendered":"<h3>PROJEKTENTWICKLUNG<\/h3>\n<p>Die Projektentwicklung arbeitet mit folgenden inhaltlichen Gedanken und Schwerpunkten:<br \/>\n<div class=\"gdc_row\"><div class=\"gdc_column gdc_cquarter\"><div class=\"gdc_inner\"><br \/>\n&nbsp;<br \/>\n<\/div><\/div><div class=\"gdc_column gdc_cthree-quarters\"><div class=\"gdc_inner\"><\/p>\n<ol>\n<li style=\"padding-bottom:10px;\">Der nutzerzentrierte und partizipative Entwicklungs und Entwurfsprozess stellt heute nicht nur einen wesentlichen Bestandteil nachhaltigen Bauens dar, sondern ist selbstverst\u00e4ndlich ein Qualit\u00e4tsmerkmal der identit\u00e4tsstiftenden Geb\u00e4ude und k\u00fcnftiger multifunktionaler Quartiere.\u00a0Dieser interdisziplin\u00e4re und teamorientierte Kontext kann nur durch eine umfassende Projektkultur kreiert werden und gelingen.<\/li>\n<li style=\"padding-bottom:10px;\">Als Zeichen der Pr\u00e4senz und Aktivit\u00e4t sollen Geb\u00e4ude weiterhin lebendig sein und Nutzer:innen und das gesamte Umfeld beeinflussen. Nachhaltigkeit wird erzielt in Form von \u00d6ffentlichungsmachung von im Ort zentral gelegenen Geb\u00e4uden, deren adaptive Reuse, Inwertsetzung, Verdichtung und Umnutzung des Bestandes. Wiederbelebung der Ortszentren mit einem Angebot f\u00fcr alle in den bestehenden Geb\u00e4uden wird angestrebt. Damit geht auch die Reduzierung des individuellen Verkehrs einher und die Einbeziehung nicht mobiler Zielgruppen. Sozialraumgestaltung als Erg\u00e4nzung zum Angebot bietet Gemeinden nicht nur Orte des New Work, sondern stellt der \u00d6ffentlichkeit R\u00e4ume und Geb\u00e4ude wieder zur Verf\u00fcgung, sowohl in den Stadtgebieten, wie auch den l\u00e4ndlichen Gebieten. Sie er\u00f6ffnen damit eine v\u00f6llig neue Form der Gemeinschaftsbildung und beteiligen sich selbst aktiv an der Sozialraumgestaltung.<\/li>\n<li style=\"padding-bottom:10px;\">Transformation des Blickpunktes: vom reinen kurzfristigen Ertragsgedanken zum kollektiven Erfolg &#8211; inkludiert nicht nur Menschen sondern auch \u00d6kologie, Nachhaltigkeit, etc.<br \/>\nKreieren ein Zukunftsbildes mit zus\u00e4tzlichen Werten und danach dann agieren. In der speziellen Situation denkmalgesch\u00fctzter oder bauhistorisch wertvoller Geb\u00e4ude ist Nachhaltigkeit nicht auf politische Perioden ( 2-5 Jahren) oder herk\u00f6mmliche Betrachtungszyklen von Geb\u00e4uden (33-100 Jahre) beschr\u00e4nkt, sondern dauert Jahrhunderte. Geb\u00e4ude bleiben bestehen, werden aber immer wieder nach den Entwicklungen der Nutzer:innen und des Standortes adaptiert. Kostenwahrheit durch Einrechnung der Folgekosten (Leerstand, etc.) und Bereitstellung der Infrastruktur.<\/li>\n<\/ol>\n<p><\/div><\/div><\/div><\/p>\n<div class=\"entry-content\" style=\"margin: 0 auto; border-bottom: 1px dashed black;\"><\/div>\n<div class=\"gdc_row\"><div class=\"gdc_column gdc_cquarter\"><div class=\"gdc_inner\"><br \/>\n<img decoding=\"async\" data-id=\"3911\"  src=\"https:\/\/schrell.at\/de\/wp-content\/uploads\/2023\/02\/Studie-OiI-285x285.png\" alt=\"Studie-OiI\"  height=\"200\" class=\"alignright size-thumbnail wp-image-3911\" \/><br \/>\n<\/div><\/div><div class=\"gdc_column gdc_cthree-quarters\"><div class=\"gdc_inner\"><\/p>\n<h4>STUDIE OiI f\u00fcr die Di\u00f6zese Linz<\/h4>\n<p><!-- Studie Ort --><br \/>\nBauhistorische Bauaufnahme | Pr\u00fcfung Nutzungs\u00e4nderung | denkmalgesch\u00fctzt | Studie 02 2023<br \/>\n<\/div><\/div><\/div>\n<div class=\"entry-content\" style=\"margin: 0 auto; border-bottom: 1px dashed black;\"><\/div>\n<div class=\"gdc_row\"><div class=\"gdc_column gdc_cquarter\"><div class=\"gdc_inner\"><br \/>\n<img decoding=\"async\" data-id=\"3940\"  src=\"https:\/\/schrell.at\/de\/wp-content\/uploads\/2023\/02\/Studie-JHG.png\" alt=\"Studie-JHG\"  height=\"200\" class=\"alignnone size-full wp-image-3940\" \/><br \/>\n<\/div><\/div><div class=\"gdc_column gdc_cthree-quarters\"><div class=\"gdc_inner\"><\/p>\n<h4>STUDIE JHG f\u00fcr die Di\u00f6zese Linz<\/h4>\n<p><!-- Studie Holzingerg\u00fctl --><br \/>\nBauhistorische Bauaufnahme | Pr\u00fcfung Nutzungs\u00e4nderung | denkmalgesch\u00fctzt | Studie 02 2023<br \/>\n<\/div><\/div><\/div>\n<div class=\"entry-content\" style=\"margin: 0 auto; border-bottom: 1px dashed black;\"><\/div>\n<div class=\"gdc_row\"><div class=\"gdc_column gdc_cquarter\"><div class=\"gdc_inner\"><br \/>\n<img decoding=\"async\" data-id=\"3932\"  src=\"https:\/\/schrell.at\/de\/wp-content\/uploads\/2023\/02\/Machbarkeit-J_WaA-285x285.png\" alt=\"Machbarkeit-J_WaA\"  height=\"200\" class=\"alignright size-thumbnail wp-image-3932\" \/><br \/>\n<\/div><\/div><div class=\"gdc_column gdc_cthree-quarters\"><div class=\"gdc_inner\"><\/p>\n<h4>Machbarkeit J-WaA f\u00fcr die Di\u00f6zese Linz<\/h4>\n<p><!-- Fl\u00e4chenstudie Weyregg am Attersee --><br \/>\nMachbarkeit 02 2023<br \/>\n<\/div><\/div><\/div>\n<div class=\"entry-content\" style=\"margin: 0 auto; border-bottom: 1px dashed black;\"><\/div>\n<div class=\"gdc_row\"><div class=\"gdc_column gdc_cquarter\"><div class=\"gdc_inner\"><br \/>\n<img decoding=\"async\" data-id=\"3934\"  src=\"https:\/\/schrell.at\/de\/wp-content\/uploads\/2023\/02\/Studie-PZW.png\" alt=\"Studie-PZW\"  height=\"200\" class=\"alignright size-full wp-image-3934\" \/><br \/>\n<\/div><\/div><div class=\"gdc_column gdc_cthree-quarters\"><div class=\"gdc_inner\"><\/p>\n<h4>Studie PZW f\u00fcr die Di\u00f6zese Linz<\/h4>\n<p><!-- Studie Pfarrzentrum Weibern --><br \/>\nArchitektonisch st\u00e4dtebauliche Konzept fu\u0308r Pfarrzentrum<br \/>\nSTUDIE 12 2022<br \/>\n<\/div><\/div><\/div>\n<div class=\"entry-content\" style=\"margin: 0 auto; border-bottom: 1px dashed black;\"><\/div>\n<div class=\"gdc_row\"><div class=\"gdc_column gdc_cquarter\"><div class=\"gdc_inner\"><br \/>\n<img decoding=\"async\" data-id=\"3926\"  src=\"https:\/\/schrell.at\/de\/wp-content\/uploads\/2023\/02\/Fla\u0308chenstudie-TBG-285x285.png\" alt=\"Fla\u0308chenstudie-TBG\" height=\"200\" class=\"alignright size-thumbnail wp-image-3926\" \/><br \/>\n<\/div><\/div><div class=\"gdc_column gdc_cthree-quarters\"><div class=\"gdc_inner\"><\/p>\n<h4>Fl\u00e4chenstudie TBG f\u00fcr die Di\u00f6zese Linz<\/h4>\n<p><!-- Fl\u00e4chenstudie Ternberg --><br \/>\nArchitektonisch st\u00e4dtebauliche Konzept fu\u0308r Areal Pfarrhof | Pfarrheim | Kinderbetreuung<br \/>\nSTUDIE 12 2022<br \/>\n<\/div><\/div><\/div>\n","protected":false},"excerpt":{"rendered":"<p>PROJEKTENTWICKLUNG Die Projektentwicklung arbeitet mit folgenden inhaltlichen Gedanken und Schwerpunkten:<\/p>\n","protected":false},"author":1,"featured_media":0,"parent":0,"menu_order":0,"comment_status":"closed","ping_status":"open","template":"","meta":{"footnotes":""},"yoast_head":"<!-- This site is optimized with the Yoast SEO plugin v21.8 - https:\/\/yoast.com\/wordpress\/plugins\/seo\/ -->\n<title>PROJEKTENTWICKLUNG - Architektinnen Schremmer-Jell<\/title>\n<meta name=\"robots\" content=\"index, follow, max-snippet:-1, max-image-preview:large, max-video-preview:-1\" \/>\n<link rel=\"canonical\" href=\"https:\/\/schrell.at\/de\/entwicklung\/\" \/>\n<meta property=\"og:locale\" content=\"en_GB\" \/>\n<meta property=\"og:type\" content=\"article\" \/>\n<meta property=\"og:title\" content=\"PROJEKTENTWICKLUNG - Architektinnen Schremmer-Jell\" \/>\n<meta property=\"og:description\" content=\"PROJEKTENTWICKLUNG Die Projektentwicklung arbeitet mit folgenden inhaltlichen Gedanken und Schwerpunkten:\" \/>\n<meta property=\"og:url\" content=\"https:\/\/schrell.at\/de\/entwicklung\/\" \/>\n<meta property=\"og:site_name\" content=\"Architektinnen Schremmer-Jell\" \/>\n<meta property=\"article:publisher\" content=\"https:\/\/www.facebook.com\/ArchitektinnenSchremmerJell\" \/>\n<meta property=\"article:modified_time\" content=\"2026-02-05T09:06:33+00:00\" \/>\n<meta property=\"og:image\" content=\"https:\/\/schrell.at\/de\/wp-content\/uploads\/2023\/02\/Studie-OiI-285x285.png\" \/>\n<meta name=\"twitter:label1\" content=\"Estimated reading time\" \/>\n\t<meta name=\"twitter:data1\" content=\"3 minutes\" \/>\n<script type=\"application\/ld+json\" class=\"yoast-schema-graph\">{\"@context\":\"https:\/\/schema.org\",\"@graph\":[{\"@type\":\"WebPage\",\"@id\":\"https:\/\/schrell.at\/de\/entwicklung\/\",\"url\":\"https:\/\/schrell.at\/de\/entwicklung\/\",\"name\":\"PROJEKTENTWICKLUNG - Architektinnen Schremmer-Jell\",\"isPartOf\":{\"@id\":\"https:\/\/schrell.at\/de\/#website\"},\"datePublished\":\"2023-02-09T14:42:52+00:00\",\"dateModified\":\"2026-02-05T09:06:33+00:00\",\"breadcrumb\":{\"@id\":\"https:\/\/schrell.at\/de\/entwicklung\/#breadcrumb\"},\"inLanguage\":\"en-GB\",\"potentialAction\":[{\"@type\":\"ReadAction\",\"target\":[\"https:\/\/schrell.at\/de\/entwicklung\/\"]}]},{\"@type\":\"BreadcrumbList\",\"@id\":\"https:\/\/schrell.at\/de\/entwicklung\/#breadcrumb\",\"itemListElement\":[{\"@type\":\"ListItem\",\"position\":1,\"name\":\"Home\",\"item\":\"https:\/\/schrell.at\/de\/\"},{\"@type\":\"ListItem\",\"position\":2,\"name\":\"PROJEKTENTWICKLUNG\"}]},{\"@type\":\"WebSite\",\"@id\":\"https:\/\/schrell.at\/de\/#website\",\"url\":\"https:\/\/schrell.at\/de\/\",\"name\":\"Architektinnen Schremmer-Jell\",\"description\":\"Architekturb\u00fcro Ottensheimerstra\u00dfe 58 LINZ\",\"publisher\":{\"@id\":\"https:\/\/schrell.at\/de\/#organization\"},\"potentialAction\":[{\"@type\":\"SearchAction\",\"target\":{\"@type\":\"EntryPoint\",\"urlTemplate\":\"https:\/\/schrell.at\/de\/?s={search_term_string}\"},\"query-input\":\"required name=search_term_string\"}],\"inLanguage\":\"en-GB\"},{\"@type\":\"Organization\",\"@id\":\"https:\/\/schrell.at\/de\/#organization\",\"name\":\"Architektinnen Schremmer-Jell\",\"url\":\"https:\/\/schrell.at\/de\/\",\"logo\":{\"@type\":\"ImageObject\",\"inLanguage\":\"en-GB\",\"@id\":\"https:\/\/schrell.at\/de\/#\/schema\/logo\/image\/\",\"url\":\"https:\/\/schrell.at\/de\/wp-content\/uploads\/2023\/10\/Sch_Logo_grun_hoch.jpg\",\"contentUrl\":\"https:\/\/schrell.at\/de\/wp-content\/uploads\/2023\/10\/Sch_Logo_grun_hoch.jpg\",\"width\":1296,\"height\":1747,\"caption\":\"Architektinnen Schremmer-Jell\"},\"image\":{\"@id\":\"https:\/\/schrell.at\/de\/#\/schema\/logo\/image\/\"},\"sameAs\":[\"https:\/\/www.facebook.com\/ArchitektinnenSchremmerJell\",\"https:\/\/www.instagram.com\/architektinnenschremmer\/\"]}]}<\/script>\n<!-- \/ Yoast SEO plugin. -->","yoast_head_json":{"title":"PROJEKTENTWICKLUNG - Architektinnen Schremmer-Jell","robots":{"index":"index","follow":"follow","max-snippet":"max-snippet:-1","max-image-preview":"max-image-preview:large","max-video-preview":"max-video-preview:-1"},"canonical":"https:\/\/schrell.at\/de\/entwicklung\/","og_locale":"en_GB","og_type":"article","og_title":"PROJEKTENTWICKLUNG - Architektinnen Schremmer-Jell","og_description":"PROJEKTENTWICKLUNG Die Projektentwicklung arbeitet mit folgenden inhaltlichen Gedanken und Schwerpunkten:","og_url":"https:\/\/schrell.at\/de\/entwicklung\/","og_site_name":"Architektinnen Schremmer-Jell","article_publisher":"https:\/\/www.facebook.com\/ArchitektinnenSchremmerJell","article_modified_time":"2026-02-05T09:06:33+00:00","og_image":[{"url":"https:\/\/schrell.at\/de\/wp-content\/uploads\/2023\/02\/Studie-OiI-285x285.png"}],"twitter_misc":{"Estimated reading time":"3 minutes"},"schema":{"@context":"https:\/\/schema.org","@graph":[{"@type":"WebPage","@id":"https:\/\/schrell.at\/de\/entwicklung\/","url":"https:\/\/schrell.at\/de\/entwicklung\/","name":"PROJEKTENTWICKLUNG - Architektinnen Schremmer-Jell","isPartOf":{"@id":"https:\/\/schrell.at\/de\/#website"},"datePublished":"2023-02-09T14:42:52+00:00","dateModified":"2026-02-05T09:06:33+00:00","breadcrumb":{"@id":"https:\/\/schrell.at\/de\/entwicklung\/#breadcrumb"},"inLanguage":"en-GB","potentialAction":[{"@type":"ReadAction","target":["https:\/\/schrell.at\/de\/entwicklung\/"]}]},{"@type":"BreadcrumbList","@id":"https:\/\/schrell.at\/de\/entwicklung\/#breadcrumb","itemListElement":[{"@type":"ListItem","position":1,"name":"Home","item":"https:\/\/schrell.at\/de\/"},{"@type":"ListItem","position":2,"name":"PROJEKTENTWICKLUNG"}]},{"@type":"WebSite","@id":"https:\/\/schrell.at\/de\/#website","url":"https:\/\/schrell.at\/de\/","name":"Architektinnen Schremmer-Jell","description":"Architekturb\u00fcro Ottensheimerstra\u00dfe 58 LINZ","publisher":{"@id":"https:\/\/schrell.at\/de\/#organization"},"potentialAction":[{"@type":"SearchAction","target":{"@type":"EntryPoint","urlTemplate":"https:\/\/schrell.at\/de\/?s={search_term_string}"},"query-input":"required name=search_term_string"}],"inLanguage":"en-GB"},{"@type":"Organization","@id":"https:\/\/schrell.at\/de\/#organization","name":"Architektinnen Schremmer-Jell","url":"https:\/\/schrell.at\/de\/","logo":{"@type":"ImageObject","inLanguage":"en-GB","@id":"https:\/\/schrell.at\/de\/#\/schema\/logo\/image\/","url":"https:\/\/schrell.at\/de\/wp-content\/uploads\/2023\/10\/Sch_Logo_grun_hoch.jpg","contentUrl":"https:\/\/schrell.at\/de\/wp-content\/uploads\/2023\/10\/Sch_Logo_grun_hoch.jpg","width":1296,"height":1747,"caption":"Architektinnen Schremmer-Jell"},"image":{"@id":"https:\/\/schrell.at\/de\/#\/schema\/logo\/image\/"},"sameAs":["https:\/\/www.facebook.com\/ArchitektinnenSchremmerJell","https:\/\/www.instagram.com\/architektinnenschremmer\/"]}]}},"_links":{"self":[{"href":"https:\/\/schrell.at\/de\/wp-json\/wp\/v2\/pages\/3780"}],"collection":[{"href":"https:\/\/schrell.at\/de\/wp-json\/wp\/v2\/pages"}],"about":[{"href":"https:\/\/schrell.at\/de\/wp-json\/wp\/v2\/types\/page"}],"author":[{"embeddable":true,"href":"https:\/\/schrell.at\/de\/wp-json\/wp\/v2\/users\/1"}],"replies":[{"embeddable":true,"href":"https:\/\/schrell.at\/de\/wp-json\/wp\/v2\/comments?post=3780"}],"version-history":[{"count":77,"href":"https:\/\/schrell.at\/de\/wp-json\/wp\/v2\/pages\/3780\/revisions"}],"predecessor-version":[{"id":4886,"href":"https:\/\/schrell.at\/de\/wp-json\/wp\/v2\/pages\/3780\/revisions\/4886"}],"wp:attachment":[{"href":"https:\/\/schrell.at\/de\/wp-json\/wp\/v2\/media?parent=3780"}],"curies":[{"name":"wp","href":"https:\/\/api.w.org\/{rel}","templated":true}]}}