{"id":4281,"date":"2023-11-02T11:22:52","date_gmt":"2023-11-02T09:22:52","guid":{"rendered":"https:\/\/schrell.at\/de\/?page_id=4281"},"modified":"2024-05-15T12:57:23","modified_gmt":"2024-05-15T10:57:23","slug":"preise","status":"publish","type":"page","link":"https:\/\/schrell.at\/de\/preise\/","title":{"rendered":"Preise"},"content":{"rendered":"\n<h3>PREISE | ANERKENNUNG<\/h3>\n<p>&nbsp;<\/p>\n\n<p><img loading=\"lazy\" decoding=\"async\" class=\"alignnone size-full wp-image-4408\" src=\"https:\/\/schrell.at\/de\/wp-content\/uploads\/2024\/03\/3008324_app-v3-original_1B-muv_0KsDaD_Photo-VolkerWeihbold.jpg\" alt=\"Daidalos | 1. Preis Kategorie Bew\u00e4hrte Bauten f\u00fcr die Tuchfabrik Linz | Bild: Volker Weihbold\" title=\"Daidalos | 1. Preis Kategorie Bew\u00e4hrte Bauten f\u00fcr die Tuchfabrik Linz | Bild: Volker Weihbold\" width=\"1770\" height=\"1180\" data-id=\"4408\" srcset=\"https:\/\/schrell.at\/de\/wp-content\/uploads\/2024\/03\/3008324_app-v3-original_1B-muv_0KsDaD_Photo-VolkerWeihbold.jpg 1770w, https:\/\/schrell.at\/de\/wp-content\/uploads\/2024\/03\/3008324_app-v3-original_1B-muv_0KsDaD_Photo-VolkerWeihbold-880x587.jpg 880w, https:\/\/schrell.at\/de\/wp-content\/uploads\/2024\/03\/3008324_app-v3-original_1B-muv_0KsDaD_Photo-VolkerWeihbold-768x512.jpg 768w, https:\/\/schrell.at\/de\/wp-content\/uploads\/2024\/03\/3008324_app-v3-original_1B-muv_0KsDaD_Photo-VolkerWeihbold-1536x1024.jpg 1536w\" sizes=\"(max-width: 1770px) 100vw, 1770px\" \/><\/p>\n<p>&#8211; 2024\tGEWINNER beim BIG SEE Architecture Award in der Kategorie : Public, cultural buildings and infrastructure buildings.<\/p>\n<p>&#8211; 2024 Architekturpreis Daidalos | 1. Preis Kategorie &#8220;Bew\u00e4hrte Bauten&#8221; f\u00fcr die Tuchfabrik Linz<\/p>\n<p>&#8211; 2023 Anerkennung: Denkmalpreis des Landes Ober\u00f6sterreich, Umnutzung des Kraftwerkes Tabakfabrik<\/p>\n<p>&#8211; 2023 1. Preis Wettbewerb: Neubau Gemeindeamt und Musikheim, Saxen<\/p>\n<p>&#8211; 2021 1. Preis Wettbewerb: Wohnbebauung Haunspergstrasse \/ Salzburg<\/p>\n<p>&#8211; 2021 1. Preis Wettbewerb,&nbsp;EU weit offen: Neubau Kinderbetreuungseinrichtung \u201e Am Hartmayrgut\u201c\/ Linz<\/p>\n<p>&#8211; 1. Preis Wettbewerb: Ortszentrum Sattledt neu: Neugestaltung Ortsplatz mit Amtsgeb\u00e4ude inkl. Veranstaltungszentrum und Kommunalgeb\u00e4ude (Kinderbetreuungseinrichtung, Bibliothek,etc.), 2022-2024<\/p>\n<p>&#8211; 1. Preis Wettbewerb: Wiederaufbau des denkmalgesch\u00fctzten Ursulinenhofes\/ Linz<\/p>\n<p>&#8211; 1. Preis Wettbewerb: Kepler Universit\u00e4tsklinikum \/Neuromed Campus\/ Linz Split Level car Parksystem im Gr\u00fcnland<\/p>\n<p>&#8211; 1. Preis Wettbewerb: Neubau Schulzentrum und Dreifachturnhalle \/ Lenzing<\/p>\n<p>&#8211; 1. Preis Wettbewerb: Wohnbebauung und Betreuutes Wohnen \/ Marchtrenk<\/p>\n<p>&#8211; 1. Preis Wettbewerb: Kulturzentrum Lenzing<\/p>\n","protected":false},"excerpt":{"rendered":"<p>PREISE | ANERKENNUNG &nbsp; &#8211; 2024 GEWINNER beim BIG SEE Architecture Award in der Kategorie : Public, cultural buildings and infrastructure buildings. &#8211; 2024 Architekturpreis Daidalos | 1. Preis Kategorie &#8220;Bew\u00e4hrte Bauten&#8221; f\u00fcr die Tuchfabrik Linz &#8211; 2023 Anerkennung: Denkmalpreis des Landes Ober\u00f6sterreich, Umnutzung des Kraftwerkes Tabakfabrik &#8211; 2023 1. Preis Wettbewerb: Neubau Gemeindeamt und [&hellip;]<\/p>\n","protected":false},"author":1,"featured_media":0,"parent":0,"menu_order":0,"comment_status":"closed","ping_status":"closed","template":"","meta":{"footnotes":""},"yoast_head":"<!-- This site is optimized with the Yoast SEO plugin v21.8 - https:\/\/yoast.com\/wordpress\/plugins\/seo\/ -->\n<title>Preise - Architektinnen Schremmer-Jell<\/title>\n<meta name=\"description\" content=\"Preise und Anerkennungen Architektinnen Schremmer Jell ZT - GmbH\" \/>\n<meta name=\"robots\" content=\"index, follow, max-snippet:-1, max-image-preview:large, max-video-preview:-1\" \/>\n<link rel=\"canonical\" href=\"https:\/\/schrell.at\/de\/preise\/\" \/>\n<meta property=\"og:locale\" content=\"en_GB\" \/>\n<meta property=\"og:type\" content=\"article\" \/>\n<meta property=\"og:title\" content=\"Preise - Architektinnen Schremmer-Jell\" \/>\n<meta property=\"og:description\" content=\"Preise und Anerkennungen Architektinnen Schremmer Jell ZT - GmbH\" \/>\n<meta property=\"og:url\" content=\"https:\/\/schrell.at\/de\/preise\/\" \/>\n<meta property=\"og:site_name\" content=\"Architektinnen Schremmer-Jell\" \/>\n<meta property=\"article:publisher\" content=\"https:\/\/www.facebook.com\/ArchitektinnenSchremmerJell\" \/>\n<meta property=\"article:modified_time\" content=\"2024-05-15T10:57:23+00:00\" \/>\n<meta property=\"og:image\" content=\"https:\/\/schrell.at\/de\/wp-content\/uploads\/2024\/03\/3008324_app-v3-original_1B-muv_0KsDaD_Photo-VolkerWeihbold.jpg\" \/>\n<meta name=\"twitter:label1\" content=\"Estimated reading time\" \/>\n\t<meta name=\"twitter:data1\" content=\"1 minute\" \/>\n<script type=\"application\/ld+json\" class=\"yoast-schema-graph\">{\"@context\":\"https:\/\/schema.org\",\"@graph\":[{\"@type\":\"WebPage\",\"@id\":\"https:\/\/schrell.at\/de\/preise\/\",\"url\":\"https:\/\/schrell.at\/de\/preise\/\",\"name\":\"Preise - Architektinnen Schremmer-Jell\",\"isPartOf\":{\"@id\":\"https:\/\/schrell.at\/de\/#website\"},\"datePublished\":\"2023-11-02T09:22:52+00:00\",\"dateModified\":\"2024-05-15T10:57:23+00:00\",\"description\":\"Preise und Anerkennungen Architektinnen Schremmer Jell ZT - GmbH\",\"breadcrumb\":{\"@id\":\"https:\/\/schrell.at\/de\/preise\/#breadcrumb\"},\"inLanguage\":\"en-GB\",\"potentialAction\":[{\"@type\":\"ReadAction\",\"target\":[\"https:\/\/schrell.at\/de\/preise\/\"]}]},{\"@type\":\"BreadcrumbList\",\"@id\":\"https:\/\/schrell.at\/de\/preise\/#breadcrumb\",\"itemListElement\":[{\"@type\":\"ListItem\",\"position\":1,\"name\":\"Home\",\"item\":\"https:\/\/schrell.at\/de\/\"},{\"@type\":\"ListItem\",\"position\":2,\"name\":\"Preise\"}]},{\"@type\":\"WebSite\",\"@id\":\"https:\/\/schrell.at\/de\/#website\",\"url\":\"https:\/\/schrell.at\/de\/\",\"name\":\"Architektinnen Schremmer-Jell\",\"description\":\"Architekturb\u00fcro Ottensheimerstra\u00dfe 58 LINZ\",\"publisher\":{\"@id\":\"https:\/\/schrell.at\/de\/#organization\"},\"potentialAction\":[{\"@type\":\"SearchAction\",\"target\":{\"@type\":\"EntryPoint\",\"urlTemplate\":\"https:\/\/schrell.at\/de\/?s={search_term_string}\"},\"query-input\":\"required name=search_term_string\"}],\"inLanguage\":\"en-GB\"},{\"@type\":\"Organization\",\"@id\":\"https:\/\/schrell.at\/de\/#organization\",\"name\":\"Architektinnen Schremmer-Jell\",\"url\":\"https:\/\/schrell.at\/de\/\",\"logo\":{\"@type\":\"ImageObject\",\"inLanguage\":\"en-GB\",\"@id\":\"https:\/\/schrell.at\/de\/#\/schema\/logo\/image\/\",\"url\":\"https:\/\/schrell.at\/de\/wp-content\/uploads\/2023\/10\/Sch_Logo_grun_hoch.jpg\",\"contentUrl\":\"https:\/\/schrell.at\/de\/wp-content\/uploads\/2023\/10\/Sch_Logo_grun_hoch.jpg\",\"width\":1296,\"height\":1747,\"caption\":\"Architektinnen Schremmer-Jell\"},\"image\":{\"@id\":\"https:\/\/schrell.at\/de\/#\/schema\/logo\/image\/\"},\"sameAs\":[\"https:\/\/www.facebook.com\/ArchitektinnenSchremmerJell\",\"https:\/\/www.instagram.com\/architektinnenschremmer\/\"]}]}<\/script>\n<!-- \/ Yoast SEO plugin. -->","yoast_head_json":{"title":"Preise - Architektinnen Schremmer-Jell","description":"Preise und Anerkennungen Architektinnen Schremmer Jell ZT - GmbH","robots":{"index":"index","follow":"follow","max-snippet":"max-snippet:-1","max-image-preview":"max-image-preview:large","max-video-preview":"max-video-preview:-1"},"canonical":"https:\/\/schrell.at\/de\/preise\/","og_locale":"en_GB","og_type":"article","og_title":"Preise - Architektinnen Schremmer-Jell","og_description":"Preise und Anerkennungen Architektinnen Schremmer Jell ZT - GmbH","og_url":"https:\/\/schrell.at\/de\/preise\/","og_site_name":"Architektinnen Schremmer-Jell","article_publisher":"https:\/\/www.facebook.com\/ArchitektinnenSchremmerJell","article_modified_time":"2024-05-15T10:57:23+00:00","og_image":[{"url":"https:\/\/schrell.at\/de\/wp-content\/uploads\/2024\/03\/3008324_app-v3-original_1B-muv_0KsDaD_Photo-VolkerWeihbold.jpg"}],"twitter_misc":{"Estimated reading time":"1 minute"},"schema":{"@context":"https:\/\/schema.org","@graph":[{"@type":"WebPage","@id":"https:\/\/schrell.at\/de\/preise\/","url":"https:\/\/schrell.at\/de\/preise\/","name":"Preise - Architektinnen Schremmer-Jell","isPartOf":{"@id":"https:\/\/schrell.at\/de\/#website"},"datePublished":"2023-11-02T09:22:52+00:00","dateModified":"2024-05-15T10:57:23+00:00","description":"Preise und Anerkennungen Architektinnen Schremmer Jell ZT - GmbH","breadcrumb":{"@id":"https:\/\/schrell.at\/de\/preise\/#breadcrumb"},"inLanguage":"en-GB","potentialAction":[{"@type":"ReadAction","target":["https:\/\/schrell.at\/de\/preise\/"]}]},{"@type":"BreadcrumbList","@id":"https:\/\/schrell.at\/de\/preise\/#breadcrumb","itemListElement":[{"@type":"ListItem","position":1,"name":"Home","item":"https:\/\/schrell.at\/de\/"},{"@type":"ListItem","position":2,"name":"Preise"}]},{"@type":"WebSite","@id":"https:\/\/schrell.at\/de\/#website","url":"https:\/\/schrell.at\/de\/","name":"Architektinnen Schremmer-Jell","description":"Architekturb\u00fcro Ottensheimerstra\u00dfe 58 LINZ","publisher":{"@id":"https:\/\/schrell.at\/de\/#organization"},"potentialAction":[{"@type":"SearchAction","target":{"@type":"EntryPoint","urlTemplate":"https:\/\/schrell.at\/de\/?s={search_term_string}"},"query-input":"required name=search_term_string"}],"inLanguage":"en-GB"},{"@type":"Organization","@id":"https:\/\/schrell.at\/de\/#organization","name":"Architektinnen Schremmer-Jell","url":"https:\/\/schrell.at\/de\/","logo":{"@type":"ImageObject","inLanguage":"en-GB","@id":"https:\/\/schrell.at\/de\/#\/schema\/logo\/image\/","url":"https:\/\/schrell.at\/de\/wp-content\/uploads\/2023\/10\/Sch_Logo_grun_hoch.jpg","contentUrl":"https:\/\/schrell.at\/de\/wp-content\/uploads\/2023\/10\/Sch_Logo_grun_hoch.jpg","width":1296,"height":1747,"caption":"Architektinnen Schremmer-Jell"},"image":{"@id":"https:\/\/schrell.at\/de\/#\/schema\/logo\/image\/"},"sameAs":["https:\/\/www.facebook.com\/ArchitektinnenSchremmerJell","https:\/\/www.instagram.com\/architektinnenschremmer\/"]}]}},"_links":{"self":[{"href":"https:\/\/schrell.at\/de\/wp-json\/wp\/v2\/pages\/4281"}],"collection":[{"href":"https:\/\/schrell.at\/de\/wp-json\/wp\/v2\/pages"}],"about":[{"href":"https:\/\/schrell.at\/de\/wp-json\/wp\/v2\/types\/page"}],"author":[{"embeddable":true,"href":"https:\/\/schrell.at\/de\/wp-json\/wp\/v2\/users\/1"}],"replies":[{"embeddable":true,"href":"https:\/\/schrell.at\/de\/wp-json\/wp\/v2\/comments?post=4281"}],"version-history":[{"count":14,"href":"https:\/\/schrell.at\/de\/wp-json\/wp\/v2\/pages\/4281\/revisions"}],"predecessor-version":[{"id":4479,"href":"https:\/\/schrell.at\/de\/wp-json\/wp\/v2\/pages\/4281\/revisions\/4479"}],"wp:attachment":[{"href":"https:\/\/schrell.at\/de\/wp-json\/wp\/v2\/media?parent=4281"}],"curies":[{"name":"wp","href":"https:\/\/api.w.org\/{rel}","templated":true}]}}